{"id":268,"date":"2025-01-06T11:28:53","date_gmt":"2025-01-06T11:28:53","guid":{"rendered":"https:\/\/dev.oetzmann-international.com\/referenzen-en\/"},"modified":"2025-01-07T07:36:44","modified_gmt":"2025-01-07T07:36:44","slug":"testimonial","status":"publish","type":"page","link":"https:\/\/oetzmann-international.com\/en\/testimonial\/","title":{"rendered":"Testimonial"},"content":{"rendered":"<div id=\"cs-content\" class=\"cs-content\"><\/div>\n","protected":false},"excerpt":{"rendered":"<p>English German Testimonaials \u201eThomas Oetzmann hat mir geholfen meine Rolle als Unternehmerin klarer zu definieren und auszu\u00fcben. Genial war f\u00fcr mich die Kombination seiner F\u00e4higkeiten im Coaching und seine Erfahrung aus dem Management eines Wirtschaftsunternehmens.\u201c \u2014 Anna S. , Deutschland\u201eThomas Oetzmann\u2019s extensive international experience enables him to provide insightful suggestions about complex multi-cultural and multi-ethnic organizations and communities which helped&hellip;<\/p>\n","protected":false},"author":1,"featured_media":0,"parent":0,"menu_order":0,"comment_status":"closed","ping_status":"closed","template":"template-blank-4.php","meta":{"inline_featured_image":false,"footnotes":""},"class_list":["post-268","page","type-page","status-publish","hentry","no-post-thumbnail"],"yoast_head":"<!-- This site is optimized with the Yoast SEO plugin v26.8 - https:\/\/yoast.com\/product\/yoast-seo-wordpress\/ -->\n<title>Testimonial - Oetzmann International<\/title>\n<meta name=\"robots\" content=\"index, follow, max-snippet:-1, max-image-preview:large, max-video-preview:-1\" \/>\n<link rel=\"canonical\" href=\"https:\/\/oetzmann-international.com\/en\/testimonial\/\" \/>\n<meta property=\"og:locale\" content=\"en_US\" \/>\n<meta property=\"og:type\" content=\"article\" \/>\n<meta property=\"og:title\" content=\"Testimonial - Oetzmann International\" \/>\n<meta property=\"og:description\" content=\"English German Testimonaials \u201eThomas Oetzmann hat mir geholfen meine Rolle als Unternehmerin klarer zu definieren und auszu\u00fcben. Genial war f\u00fcr mich die Kombination seiner F\u00e4higkeiten im Coaching und seine Erfahrung aus dem Management eines Wirtschaftsunternehmens.\u201c \u2014 Anna S. , Deutschland\u201eThomas Oetzmann\u2019s extensive international experience enables him to provide insightful suggestions about complex multi-cultural and multi-ethnic organizations and communities which helped&hellip;\" \/>\n<meta property=\"og:url\" content=\"https:\/\/oetzmann-international.com\/en\/testimonial\/\" \/>\n<meta property=\"og:site_name\" content=\"Oetzmann International\" \/>\n<meta property=\"article:modified_time\" content=\"2025-01-07T07:36:44+00:00\" \/>\n<meta property=\"og:image\" content=\"https:\/\/oetzmann-international.com\/wp-content\/uploads\/2025\/01\/thomas-oetzmann.jpg\" \/>\n\t<meta property=\"og:image:width\" content=\"1200\" \/>\n\t<meta property=\"og:image:height\" content=\"675\" \/>\n\t<meta property=\"og:image:type\" content=\"image\/jpeg\" \/>\n<meta name=\"twitter:card\" content=\"summary_large_image\" \/>\n<meta name=\"twitter:label1\" content=\"Est. reading time\" \/>\n\t<meta name=\"twitter:data1\" content=\"2 minutes\" \/>\n<script type=\"application\/ld+json\" class=\"yoast-schema-graph\">{\"@context\":\"https:\/\/schema.org\",\"@graph\":[{\"@type\":\"WebPage\",\"@id\":\"https:\/\/oetzmann-international.com\/en\/testimonial\/\",\"url\":\"https:\/\/oetzmann-international.com\/en\/testimonial\/\",\"name\":\"Testimonial - Oetzmann International\",\"isPartOf\":{\"@id\":\"https:\/\/oetzmann-international.com\/en\/#website\"},\"datePublished\":\"2025-01-06T11:28:53+00:00\",\"dateModified\":\"2025-01-07T07:36:44+00:00\",\"breadcrumb\":{\"@id\":\"https:\/\/oetzmann-international.com\/en\/testimonial\/#breadcrumb\"},\"inLanguage\":\"en-US\",\"potentialAction\":[{\"@type\":\"ReadAction\",\"target\":[\"https:\/\/oetzmann-international.com\/en\/testimonial\/\"]}]},{\"@type\":\"BreadcrumbList\",\"@id\":\"https:\/\/oetzmann-international.com\/en\/testimonial\/#breadcrumb\",\"itemListElement\":[{\"@type\":\"ListItem\",\"position\":1,\"name\":\"Startseite\",\"item\":\"https:\/\/oetzmann-international.com\/en\/\"},{\"@type\":\"ListItem\",\"position\":2,\"name\":\"Testimonial\"}]},{\"@type\":\"WebSite\",\"@id\":\"https:\/\/oetzmann-international.com\/en\/#website\",\"url\":\"https:\/\/oetzmann-international.com\/en\/\",\"name\":\"Thomas Oetzmann International\",\"description\":\"\",\"publisher\":{\"@id\":\"https:\/\/oetzmann-international.com\/en\/#organization\"},\"alternateName\":\"Oetzmann International GmbH\",\"potentialAction\":[{\"@type\":\"SearchAction\",\"target\":{\"@type\":\"EntryPoint\",\"urlTemplate\":\"https:\/\/oetzmann-international.com\/en\/?s={search_term_string}\"},\"query-input\":{\"@type\":\"PropertyValueSpecification\",\"valueRequired\":true,\"valueName\":\"search_term_string\"}}],\"inLanguage\":\"en-US\"},{\"@type\":\"Organization\",\"@id\":\"https:\/\/oetzmann-international.com\/en\/#organization\",\"name\":\"Thomas Oetzmann International\",\"url\":\"https:\/\/oetzmann-international.com\/en\/\",\"logo\":{\"@type\":\"ImageObject\",\"inLanguage\":\"en-US\",\"@id\":\"https:\/\/oetzmann-international.com\/en\/#\/schema\/logo\/image\/\",\"url\":\"https:\/\/oetzmann-international.com\/wp-content\/uploads\/2025\/01\/webseitebild.jpg\",\"contentUrl\":\"https:\/\/oetzmann-international.com\/wp-content\/uploads\/2025\/01\/webseitebild.jpg\",\"width\":696,\"height\":696,\"caption\":\"Thomas Oetzmann International\"},\"image\":{\"@id\":\"https:\/\/oetzmann-international.com\/en\/#\/schema\/logo\/image\/\"}}]}<\/script>\n<!-- \/ Yoast SEO plugin. -->","yoast_head_json":{"title":"Testimonial - Oetzmann International","robots":{"index":"index","follow":"follow","max-snippet":"max-snippet:-1","max-image-preview":"max-image-preview:large","max-video-preview":"max-video-preview:-1"},"canonical":"https:\/\/oetzmann-international.com\/en\/testimonial\/","og_locale":"en_US","og_type":"article","og_title":"Testimonial - Oetzmann International","og_description":"English German Testimonaials \u201eThomas Oetzmann hat mir geholfen meine Rolle als Unternehmerin klarer zu definieren und auszu\u00fcben. Genial war f\u00fcr mich die Kombination seiner F\u00e4higkeiten im Coaching und seine Erfahrung aus dem Management eines Wirtschaftsunternehmens.\u201c \u2014 Anna S. , Deutschland\u201eThomas Oetzmann\u2019s extensive international experience enables him to provide insightful suggestions about complex multi-cultural and multi-ethnic organizations and communities which helped&hellip;","og_url":"https:\/\/oetzmann-international.com\/en\/testimonial\/","og_site_name":"Oetzmann International","article_modified_time":"2025-01-07T07:36:44+00:00","og_image":[{"width":1200,"height":675,"url":"https:\/\/oetzmann-international.com\/wp-content\/uploads\/2025\/01\/thomas-oetzmann.jpg","type":"image\/jpeg"}],"twitter_card":"summary_large_image","twitter_misc":{"Est. reading time":"2 minutes"},"schema":{"@context":"https:\/\/schema.org","@graph":[{"@type":"WebPage","@id":"https:\/\/oetzmann-international.com\/en\/testimonial\/","url":"https:\/\/oetzmann-international.com\/en\/testimonial\/","name":"Testimonial - Oetzmann International","isPartOf":{"@id":"https:\/\/oetzmann-international.com\/en\/#website"},"datePublished":"2025-01-06T11:28:53+00:00","dateModified":"2025-01-07T07:36:44+00:00","breadcrumb":{"@id":"https:\/\/oetzmann-international.com\/en\/testimonial\/#breadcrumb"},"inLanguage":"en-US","potentialAction":[{"@type":"ReadAction","target":["https:\/\/oetzmann-international.com\/en\/testimonial\/"]}]},{"@type":"BreadcrumbList","@id":"https:\/\/oetzmann-international.com\/en\/testimonial\/#breadcrumb","itemListElement":[{"@type":"ListItem","position":1,"name":"Startseite","item":"https:\/\/oetzmann-international.com\/en\/"},{"@type":"ListItem","position":2,"name":"Testimonial"}]},{"@type":"WebSite","@id":"https:\/\/oetzmann-international.com\/en\/#website","url":"https:\/\/oetzmann-international.com\/en\/","name":"Thomas Oetzmann International","description":"","publisher":{"@id":"https:\/\/oetzmann-international.com\/en\/#organization"},"alternateName":"Oetzmann International GmbH","potentialAction":[{"@type":"SearchAction","target":{"@type":"EntryPoint","urlTemplate":"https:\/\/oetzmann-international.com\/en\/?s={search_term_string}"},"query-input":{"@type":"PropertyValueSpecification","valueRequired":true,"valueName":"search_term_string"}}],"inLanguage":"en-US"},{"@type":"Organization","@id":"https:\/\/oetzmann-international.com\/en\/#organization","name":"Thomas Oetzmann International","url":"https:\/\/oetzmann-international.com\/en\/","logo":{"@type":"ImageObject","inLanguage":"en-US","@id":"https:\/\/oetzmann-international.com\/en\/#\/schema\/logo\/image\/","url":"https:\/\/oetzmann-international.com\/wp-content\/uploads\/2025\/01\/webseitebild.jpg","contentUrl":"https:\/\/oetzmann-international.com\/wp-content\/uploads\/2025\/01\/webseitebild.jpg","width":696,"height":696,"caption":"Thomas Oetzmann International"},"image":{"@id":"https:\/\/oetzmann-international.com\/en\/#\/schema\/logo\/image\/"}}]}},"_links":{"self":[{"href":"https:\/\/oetzmann-international.com\/en\/wp-json\/wp\/v2\/pages\/268","targetHints":{"allow":["GET"]}}],"collection":[{"href":"https:\/\/oetzmann-international.com\/en\/wp-json\/wp\/v2\/pages"}],"about":[{"href":"https:\/\/oetzmann-international.com\/en\/wp-json\/wp\/v2\/types\/page"}],"author":[{"embeddable":true,"href":"https:\/\/oetzmann-international.com\/en\/wp-json\/wp\/v2\/users\/1"}],"replies":[{"embeddable":true,"href":"https:\/\/oetzmann-international.com\/en\/wp-json\/wp\/v2\/comments?post=268"}],"version-history":[{"count":4,"href":"https:\/\/oetzmann-international.com\/en\/wp-json\/wp\/v2\/pages\/268\/revisions"}],"predecessor-version":[{"id":306,"href":"https:\/\/oetzmann-international.com\/en\/wp-json\/wp\/v2\/pages\/268\/revisions\/306"}],"wp:attachment":[{"href":"https:\/\/oetzmann-international.com\/en\/wp-json\/wp\/v2\/media?parent=268"}],"curies":[{"name":"wp","href":"https:\/\/api.w.org\/{rel}","templated":true}]}}